{"id":24,"date":"2021-10-29T10:34:40","date_gmt":"2021-10-29T10:34:40","guid":{"rendered":"http:\/\/acelerapyme.fundaciontecnova.com\/acelera2021\/?page_id=24"},"modified":"2021-11-08T16:24:00","modified_gmt":"2021-11-08T16:24:00","slug":"subvenciones","status":"publish","type":"page","link":"https:\/\/acelerapyme.fundaciontecnova.com\/acelera2021\/subvenciones\/","title":{"rendered":"Subvenciones"},"content":{"rendered":"\t\t<div data-elementor-type=\"wp-page\" data-elementor-id=\"24\" class=\"elementor elementor-24\">\n\t\t\t\t\t\t\t\t\t<section class=\"elementor-section elementor-top-section elementor-element elementor-element-7f5e5da elementor-section-full_width elementor-section-height-min-height elementor-section-items-bottom elementor-section-height-default\" data-id=\"7f5e5da\" data-element_type=\"section\" data-settings=\"{&quot;background_background&quot;:&quot;classic&quot;}\">\n\t\t\t\t\t\t\t<div class=\"elementor-background-overlay\"><\/div>\n\t\t\t\t\t\t\t<div class=\"elementor-container elementor-column-gap-default\">\n\t\t\t\t\t<div class=\"elementor-column elementor-col-100 elementor-top-column elementor-element elementor-element-07b3973\" data-id=\"07b3973\" data-element_type=\"column\">\n\t\t\t<div class=\"elementor-widget-wrap elementor-element-populated\">\n\t\t\t\t\t\t\t\t<div class=\"elementor-element elementor-element-911969d elementor-widget elementor-widget-heading\" data-id=\"911969d\" data-element_type=\"widget\" data-widget_type=\"heading.default\">\n\t\t\t\t<div class=\"elementor-widget-container\">\n\t\t\t<style>\/*! elementor - v3.13.2 - 11-05-2023 *\/\n.elementor-heading-title{padding:0;margin:0;line-height:1}.elementor-widget-heading .elementor-heading-title[class*=elementor-size-]>a{color:inherit;font-size:inherit;line-height:inherit}.elementor-widget-heading .elementor-heading-title.elementor-size-small{font-size:15px}.elementor-widget-heading .elementor-heading-title.elementor-size-medium{font-size:19px}.elementor-widget-heading .elementor-heading-title.elementor-size-large{font-size:29px}.elementor-widget-heading .elementor-heading-title.elementor-size-xl{font-size:39px}.elementor-widget-heading .elementor-heading-title.elementor-size-xxl{font-size:59px}<\/style><h1 class=\"elementor-heading-title elementor-size-default\">Subvenciones y Ayudas\n<\/h1>\t\t<\/div>\n\t\t\t\t<\/div>\n\t\t\t\t<div class=\"elementor-element elementor-element-18f827e elementor-widget elementor-widget-heading\" data-id=\"18f827e\" data-element_type=\"widget\" data-widget_type=\"heading.default\">\n\t\t\t\t<div class=\"elementor-widget-container\">\n\t\t\t<p class=\"elementor-heading-title elementor-size-default\">Conoce todas las subvenciones y ayudas para la digitalizaci\u00f3n del sector agr\u00edcola\n\n\n\n<\/p>\t\t<\/div>\n\t\t\t\t<\/div>\n\t\t\t\t<div class=\"elementor-element elementor-element-8655943 elementor-widget elementor-widget-spacer\" data-id=\"8655943\" data-element_type=\"widget\" data-widget_type=\"spacer.default\">\n\t\t\t\t<div class=\"elementor-widget-container\">\n\t\t\t<style>\/*! elementor - v3.13.2 - 11-05-2023 *\/\n.elementor-column .elementor-spacer-inner{height:var(--spacer-size)}.e-con{--container-widget-width:100%}.e-con-inner>.elementor-widget-spacer,.e-con>.elementor-widget-spacer{width:var(--container-widget-width,var(--spacer-size));--align-self:var(--container-widget-align-self,initial);--flex-shrink:0}.e-con-inner>.elementor-widget-spacer>.elementor-widget-container,.e-con-inner>.elementor-widget-spacer>.elementor-widget-container>.elementor-spacer,.e-con>.elementor-widget-spacer>.elementor-widget-container,.e-con>.elementor-widget-spacer>.elementor-widget-container>.elementor-spacer{height:100%}.e-con-inner>.elementor-widget-spacer>.elementor-widget-container>.elementor-spacer>.elementor-spacer-inner,.e-con>.elementor-widget-spacer>.elementor-widget-container>.elementor-spacer>.elementor-spacer-inner{height:var(--container-widget-height,var(--spacer-size))}<\/style>\t\t<div class=\"elementor-spacer\">\n\t\t\t<div class=\"elementor-spacer-inner\"><\/div>\n\t\t<\/div>\n\t\t\t\t<\/div>\n\t\t\t\t<\/div>\n\t\t\t\t<div class=\"elementor-element elementor-element-8da1517 elementor-widget elementor-widget-heading\" data-id=\"8da1517\" data-element_type=\"widget\" data-widget_type=\"heading.default\">\n\t\t\t\t<div class=\"elementor-widget-container\">\n\t\t\t<p class=\"elementor-heading-title elementor-size-default\">\u00a1Avanza hacia la Agricultura 4.0!<\/p>\t\t<\/div>\n\t\t\t\t<\/div>\n\t\t\t\t<div class=\"elementor-element elementor-element-def57af elementor-align-center elementor-widget elementor-widget-button\" data-id=\"def57af\" data-element_type=\"widget\" data-widget_type=\"button.default\">\n\t\t\t\t<div class=\"elementor-widget-container\">\n\t\t\t\t\t<div class=\"elementor-button-wrapper\">\n\t\t\t<a href=\"#conocer-subvenciones\" class=\"elementor-button-link elementor-button elementor-size-lg elementor-animation-wobble-horizontal\" role=\"button\">\n\t\t\t\t\t\t<span class=\"elementor-button-content-wrapper\">\n\t\t\t\t\t\t\t<span class=\"elementor-button-icon elementor-align-icon-right\">\n\t\t\t\t<i aria-hidden=\"true\" class=\"fas fa-arrow-right\"><\/i>\t\t\t<\/span>\n\t\t\t\t\t\t<span class=\"elementor-button-text\">Saber m\u00e1s<\/span>\n\t\t<\/span>\n\t\t\t\t\t<\/a>\n\t\t<\/div>\n\t\t\t\t<\/div>\n\t\t\t\t<\/div>\n\t\t\t\t<div class=\"elementor-element elementor-element-06be0c5 elementor-hidden-mobile elementor-widget elementor-widget-spacer\" data-id=\"06be0c5\" data-element_type=\"widget\" data-widget_type=\"spacer.default\">\n\t\t\t\t<div class=\"elementor-widget-container\">\n\t\t\t\t\t<div class=\"elementor-spacer\">\n\t\t\t<div class=\"elementor-spacer-inner\"><\/div>\n\t\t<\/div>\n\t\t\t\t<\/div>\n\t\t\t\t<\/div>\n\t\t\t\t\t<\/div>\n\t\t<\/div>\n\t\t\t\t\t\t\t<\/div>\n\t\t<\/section>\n\t\t\t\t<section class=\"elementor-section elementor-top-section elementor-element elementor-element-ccf908d elementor-section-boxed elementor-section-height-default elementor-section-height-default\" data-id=\"ccf908d\" data-element_type=\"section\">\n\t\t\t\t\t\t<div class=\"elementor-container elementor-column-gap-default\">\n\t\t\t\t\t<div class=\"elementor-column elementor-col-100 elementor-top-column elementor-element elementor-element-1d8c6e5\" data-id=\"1d8c6e5\" data-element_type=\"column\">\n\t\t\t<div class=\"elementor-widget-wrap elementor-element-populated\">\n\t\t\t\t\t\t\t\t<div class=\"elementor-element elementor-element-fd0f9a5 elementor-widget elementor-widget-menu-anchor\" data-id=\"fd0f9a5\" data-element_type=\"widget\" data-widget_type=\"menu-anchor.default\">\n\t\t\t\t<div class=\"elementor-widget-container\">\n\t\t\t<style>\/*! elementor - v3.13.2 - 11-05-2023 *\/\nbody.elementor-page .elementor-widget-menu-anchor{margin-bottom:0}<\/style>\t\t<div id=\"conocer-subvenciones\" class=\"elementor-menu-anchor\"><\/div>\n\t\t\t\t<\/div>\n\t\t\t\t<\/div>\n\t\t\t\t\t<\/div>\n\t\t<\/div>\n\t\t\t\t\t\t\t<\/div>\n\t\t<\/section>\n\t\t\t\t<section class=\"elementor-section elementor-top-section elementor-element elementor-element-597c3fe elementor-reverse-mobile elementor-section-boxed elementor-section-height-default elementor-section-height-default\" data-id=\"597c3fe\" data-element_type=\"section\">\n\t\t\t\t\t\t<div class=\"elementor-container elementor-column-gap-default\">\n\t\t\t\t\t<div class=\"elementor-column elementor-col-50 elementor-top-column elementor-element elementor-element-7ce02e8\" data-id=\"7ce02e8\" data-element_type=\"column\">\n\t\t\t<div class=\"elementor-widget-wrap elementor-element-populated\">\n\t\t\t\t\t\t\t\t<div class=\"elementor-element elementor-element-1e851a7 premium-blog-align-left elementor-widget elementor-widget-premium-addon-blog\" data-id=\"1e851a7\" data-element_type=\"widget\" data-settings=\"{&quot;scroll_to_offset&quot;:&quot;yes&quot;}\" data-widget_type=\"premium-addon-blog.default\">\n\t\t\t\t<div class=\"elementor-widget-container\">\n\t\t\t\r\n\t\t\t\t<div class=\"premium-blog-wrap  premium-blog-list\" data-page=\"24\">\r\n\t\t\t\t\t<div class=\"premium-blog-post-outer-container\" data-total=\"1\">\r\n\t\t\t<div class=\"premium-blog-post-container premium-blog-skin-classic\">\r\n\t\t\t\t\t\t\t\t\t\t\t\t<div class=\"premium-blog-content-wrapper empty-thumb\">\r\n\r\n\t\t\t\t\t<div class=\"premium-blog-inner-container\">\r\n\r\n\t\t\t\t\t\t\t\t\t\t\t\t\t\t<h2 class=\"premium-blog-entry-title\">\r\n\t\t\t<a href=\"https:\/\/acelerapyme.fundaciontecnova.com\/acelera2021\/subvenciones-de-hasta-20-000-euros-para-la-digitalizacion-en-las-pymes\/\" target=\"_blank\">\r\n\t\t\t\tSubvenciones de hasta 20.000 euros para la digitalizaci\u00f3n en las Pymes\t\t\t<\/a>\r\n\t\t<\/h2>\r\n\t\t\t\t<div class=\"premium-blog-entry-meta\">\r\n\t\t\t\r\n\t\t\t\r\n\t\t\t\r\n\t\t\t\t\t<\/div>\r\n\t\t\r\n\t\t\t\t\t<\/div>\r\n\r\n\t\t\t\t\t<p class=\"premium-blog-post-content\">Hace unos d\u00edas se present\u00f3 el Plan de Recuperaci\u00f3n, Transformaci\u00f3n y Resiliencia por el Gobierno de Espa\u00f1a. Una de las medidas que ofrece, y est\u00e1 recogida en el PRTR, es la l\u00ednea de 300 millones de euros destinados a la contrataci\u00f3n de expertos en transformaci\u00f3n digital, dentro del Plan de Digitalizaci\u00f3n de Pymes 2021-2025 El [&hellip;]<\/p><div class=\"premium-blog-excerpt-link-wrap\"><a href=\"https:\/\/acelerapyme.fundaciontecnova.com\/acelera2021\/subvenciones-de-hasta-20-000-euros-para-la-digitalizacion-en-las-pymes\/\" target=\"_blank\" class=\"premium-blog-excerpt-link elementor-button\">M\u00e1s informaci\u00f3n<\/a><\/div>\t\t\t\t\t\r\n\t\t\t\t<\/div>\r\n\t\t\t<\/div>\r\n\t\t<\/div>\r\n\r\n\t\t\t\t<div class=\"premium-blog-post-outer-container\" data-total=\"1\">\r\n\t\t\t<div class=\"premium-blog-post-container premium-blog-skin-classic\">\r\n\t\t\t\t\t\t\t\t\t\t\t\t<div class=\"premium-blog-content-wrapper empty-thumb\">\r\n\r\n\t\t\t\t\t<div class=\"premium-blog-inner-container\">\r\n\r\n\t\t\t\t\t\t\t\t\t\t\t\t\t\t<h2 class=\"premium-blog-entry-title\">\r\n\t\t\t<a href=\"https:\/\/acelerapyme.fundaciontecnova.com\/acelera2021\/kit-digital\/\" target=\"_blank\">\r\n\t\t\t\tKIT DIGITAL\t\t\t<\/a>\r\n\t\t<\/h2>\r\n\t\t\t\t<div class=\"premium-blog-entry-meta\">\r\n\t\t\t\r\n\t\t\t\r\n\t\t\t\r\n\t\t\t\t\t<\/div>\r\n\t\t\r\n\t\t\t\t\t<\/div>\r\n\r\n\t\t\t\t\t<p class=\"premium-blog-post-content\">Descripci\u00f3n: convocatoria de ayudas destinadas a la Digitalizaci\u00f3n de empresas del Segmento I (entre 10 y menos de 50 empleados), dentro del programa KIT DIGITAL Beneficiarios: Podr\u00e1n ser beneficiarios de estas ayudas las peque\u00f1as empresas (seg\u00fan lo establecido en el Anexo I del Reglamento (UE) n.\u00ba 651\/2014 de la Comisi\u00f3n, de 17 de junio de [&hellip;]<\/p><div class=\"premium-blog-excerpt-link-wrap\"><a href=\"https:\/\/acelerapyme.fundaciontecnova.com\/acelera2021\/kit-digital\/\" target=\"_blank\" class=\"premium-blog-excerpt-link elementor-button\">M\u00e1s informaci\u00f3n<\/a><\/div>\t\t\t\t\t\r\n\t\t\t\t<\/div>\r\n\t\t\t<\/div>\r\n\t\t<\/div>\r\n\r\n\t\t\t\t<div class=\"premium-blog-post-outer-container\" data-total=\"1\">\r\n\t\t\t<div class=\"premium-blog-post-container premium-blog-skin-classic\">\r\n\t\t\t\t\t\t\t\t\t\t\t\t<div class=\"premium-blog-content-wrapper empty-thumb\">\r\n\r\n\t\t\t\t\t<div class=\"premium-blog-inner-container\">\r\n\r\n\t\t\t\t\t\t\t\t\t\t\t\t\t\t<h2 class=\"premium-blog-entry-title\">\r\n\t\t\t<a href=\"https:\/\/acelerapyme.fundaciontecnova.com\/acelera2021\/boja-num-207-de-20-10-2021\/\" target=\"_blank\">\r\n\t\t\t\tBOJA n\u00fam. 207, de 20.10.2021\t\t\t<\/a>\r\n\t\t<\/h2>\r\n\t\t\t\t<div class=\"premium-blog-entry-meta\">\r\n\t\t\t\r\n\t\t\t\r\n\t\t\t\r\n\t\t\t\t\t<\/div>\r\n\t\t\r\n\t\t\t\t\t<\/div>\r\n\r\n\t\t\t\t\t<p class=\"premium-blog-post-content\">Descripci\u00f3n: Ayudas en especie, en r\u00e9gimen de concurrencia no competitiva, para la prestaci\u00f3n de servicios de asesoramiento y acompa\u00f1amiento para la transformaci\u00f3n digital de las pymes andaluzas en el marco del programa Empresa Digital. Dos tipos: Relaci\u00f3n con la clientela y Transformaci\u00f3n 360. Beneficiarios: Pymes con centro de trabajo o domicilio social en Andaluc\u00eda Importe: [&hellip;]<\/p><div class=\"premium-blog-excerpt-link-wrap\"><a href=\"https:\/\/acelerapyme.fundaciontecnova.com\/acelera2021\/boja-num-207-de-20-10-2021\/\" target=\"_blank\" class=\"premium-blog-excerpt-link elementor-button\">M\u00e1s informaci\u00f3n<\/a><\/div>\t\t\t\t\t\r\n\t\t\t\t<\/div>\r\n\t\t\t<\/div>\r\n\t\t<\/div>\r\n\r\n\t\t\t\t<div class=\"premium-blog-post-outer-container\" data-total=\"1\">\r\n\t\t\t<div class=\"premium-blog-post-container premium-blog-skin-classic\">\r\n\t\t\t\t\t\t\t\t\t\t\t\t<div class=\"premium-blog-content-wrapper empty-thumb\">\r\n\r\n\t\t\t\t\t<div class=\"premium-blog-inner-container\">\r\n\r\n\t\t\t\t\t\t\t\t\t\t\t\t\t\t<h2 class=\"premium-blog-entry-title\">\r\n\t\t\t<a href=\"https:\/\/acelerapyme.fundaciontecnova.com\/acelera2021\/boja-num-202-de-20-10-2021\/\" target=\"_blank\">\r\n\t\t\t\tBOJA n\u00fam. 202, de 20.10.2021\t\t\t<\/a>\r\n\t\t<\/h2>\r\n\t\t\t\t<div class=\"premium-blog-entry-meta\">\r\n\t\t\t\r\n\t\t\t\r\n\t\t\t\r\n\t\t\t\t\t<\/div>\r\n\t\t\r\n\t\t\t\t\t<\/div>\r\n\r\n\t\t\t\t\t<p class=\"premium-blog-post-content\">Descripci\u00f3n: Subvenciones, en r\u00e9gimen de concurrencia no competitiva, destinadas a la modernizaci\u00f3n digital y la mejora de la competitividad. Beneficiarios: Personas trabajadoras por cuenta propia o aut\u00f3nomas, por cuenta propia agrarias y mutualistas. Tambi\u00e9n sociedades cooperativas y laborales de Andaluc\u00eda Importe: 1.000 \u2013 6.000 \u20ac Vigencia: De 6 meses desde el 26 de Noviembre de [&hellip;]<\/p><div class=\"premium-blog-excerpt-link-wrap\"><a href=\"https:\/\/acelerapyme.fundaciontecnova.com\/acelera2021\/boja-num-202-de-20-10-2021\/\" target=\"_blank\" class=\"premium-blog-excerpt-link elementor-button\">M\u00e1s informaci\u00f3n<\/a><\/div>\t\t\t\t\t\r\n\t\t\t\t<\/div>\r\n\t\t\t<\/div>\r\n\t\t<\/div>\r\n\r\n\t\t\t\t<div class=\"premium-blog-post-outer-container\" data-total=\"1\">\r\n\t\t\t<div class=\"premium-blog-post-container premium-blog-skin-classic\">\r\n\t\t\t\t\t\t\t\t\t\t\t\t<div class=\"premium-blog-content-wrapper empty-thumb\">\r\n\r\n\t\t\t\t\t<div class=\"premium-blog-inner-container\">\r\n\r\n\t\t\t\t\t\t\t\t\t\t\t\t\t\t<h2 class=\"premium-blog-entry-title\">\r\n\t\t\t<a href=\"https:\/\/acelerapyme.fundaciontecnova.com\/acelera2021\/c043-20-si\/\" target=\"_blank\">\r\n\t\t\t\tC043\/20-SI\t\t\t<\/a>\r\n\t\t<\/h2>\r\n\t\t\t\t<div class=\"premium-blog-entry-meta\">\r\n\t\t\t\r\n\t\t\t\r\n\t\t\t\r\n\t\t\t\t\t<\/div>\r\n\t\t\r\n\t\t\t\t\t<\/div>\r\n\r\n\t\t\t\t\t<p class=\"premium-blog-post-content\">Descripci\u00f3n: Concesi\u00f3n Directa de Subvenciones para la Contrataci\u00f3n de Servicios de Acceso de Banda Ancha Fija de Alta Velocidad a 30 Mbits por segundo. Beneficiarios: Personas f\u00edsicas, aut\u00f3nomos, pymes, entidades sin \u00e1nimo de lucro y ayuntamientos ubicados en zonas del territorio espa\u00f1ol sin acceso a la banda ancha fija. Importe: 400\u20ac cuando los servicios se [&hellip;]<\/p><div class=\"premium-blog-excerpt-link-wrap\"><a href=\"https:\/\/acelerapyme.fundaciontecnova.com\/acelera2021\/c043-20-si\/\" target=\"_blank\" class=\"premium-blog-excerpt-link elementor-button\">M\u00e1s informaci\u00f3n<\/a><\/div>\t\t\t\t\t\r\n\t\t\t\t<\/div>\r\n\t\t\t<\/div>\r\n\t\t<\/div>\r\n\r\n\t\t\t\t<div class=\"premium-blog-post-outer-container\" data-total=\"1\">\r\n\t\t\t<div class=\"premium-blog-post-container premium-blog-skin-classic\">\r\n\t\t\t\t\t\t\t\t\t\t\t\t<div class=\"premium-blog-content-wrapper empty-thumb\">\r\n\r\n\t\t\t\t\t<div class=\"premium-blog-inner-container\">\r\n\r\n\t\t\t\t\t\t\t\t\t\t\t\t\t\t<h2 class=\"premium-blog-entry-title\">\r\n\t\t\t<a href=\"https:\/\/acelerapyme.fundaciontecnova.com\/acelera2021\/ico-empresas-y-emprendedores\/\" target=\"_blank\">\r\n\t\t\t\tICO Empresas y emprendedores\t\t\t<\/a>\r\n\t\t<\/h2>\r\n\t\t\t\t<div class=\"premium-blog-entry-meta\">\r\n\t\t\t\r\n\t\t\t\r\n\t\t\t\r\n\t\t\t\t\t<\/div>\r\n\t\t\r\n\t\t\t\t\t<\/div>\r\n\r\n\t\t\t\t\t<p class=\"premium-blog-post-content\">L\u00ednea de financiaci\u00f3n destinado a proyectos de digitalizaci\u00f3n y, en particular, los destinados a fomentar soluciones de teletrabajo recogidos en el programa Acelera Pyme<\/p><div class=\"premium-blog-excerpt-link-wrap\"><a href=\"https:\/\/acelerapyme.fundaciontecnova.com\/acelera2021\/ico-empresas-y-emprendedores\/\" target=\"_blank\" class=\"premium-blog-excerpt-link elementor-button\">M\u00e1s informaci\u00f3n<\/a><\/div>\t\t\t\t\t\r\n\t\t\t\t<\/div>\r\n\t\t\t<\/div>\r\n\t\t<\/div>\r\n\r\n\t\t\t\t<div class=\"premium-blog-post-outer-container\" data-total=\"1\">\r\n\t\t\t<div class=\"premium-blog-post-container premium-blog-skin-classic\">\r\n\t\t\t\t\t\t\t\t\t\t\t\t<div class=\"premium-blog-content-wrapper empty-thumb\">\r\n\r\n\t\t\t\t\t<div class=\"premium-blog-inner-container\">\r\n\r\n\t\t\t\t\t\t\t\t\t\t\t\t\t\t<h2 class=\"premium-blog-entry-title\">\r\n\t\t\t<a href=\"https:\/\/acelerapyme.fundaciontecnova.com\/acelera2021\/enisa-emprendedoras-digitales\/\" target=\"_blank\">\r\n\t\t\t\tENISA: Emprendedoras Digitales\t\t\t<\/a>\r\n\t\t<\/h2>\r\n\t\t\t\t<div class=\"premium-blog-entry-meta\">\r\n\t\t\t\r\n\t\t\t\r\n\t\t\t\r\n\t\t\t\t\t<\/div>\r\n\t\t\r\n\t\t\t\t\t<\/div>\r\n\r\n\t\t\t\t\t<p class=\"premium-blog-post-content\">L\u00ednea de financiaci\u00f3n dirigida a impulsar el emprendimiento digital femenino.<\/p><div class=\"premium-blog-excerpt-link-wrap\"><a href=\"https:\/\/acelerapyme.fundaciontecnova.com\/acelera2021\/enisa-emprendedoras-digitales\/\" target=\"_blank\" class=\"premium-blog-excerpt-link elementor-button\">M\u00e1s informaci\u00f3n<\/a><\/div>\t\t\t\t\t\r\n\t\t\t\t<\/div>\r\n\t\t\t<\/div>\r\n\t\t<\/div>\r\n\r\n\t\t\t\t<div class=\"premium-blog-post-outer-container\" data-total=\"1\">\r\n\t\t\t<div class=\"premium-blog-post-container premium-blog-skin-classic\">\r\n\t\t\t\t\t\t\t\t\t\t\t\t<div class=\"premium-blog-content-wrapper empty-thumb\">\r\n\r\n\t\t\t\t\t<div class=\"premium-blog-inner-container\">\r\n\r\n\t\t\t\t\t\t\t\t\t\t\t\t\t\t<h2 class=\"premium-blog-entry-title\">\r\n\t\t\t<a href=\"https:\/\/acelerapyme.fundaciontecnova.com\/acelera2021\/enisa-agroinnpulso\/\" target=\"_blank\">\r\n\t\t\t\tENISA: AgroInnpulso\t\t\t<\/a>\r\n\t\t<\/h2>\r\n\t\t\t\t<div class=\"premium-blog-entry-meta\">\r\n\t\t\t\r\n\t\t\t\r\n\t\t\t\r\n\t\t\t\t\t<\/div>\r\n\t\t\r\n\t\t\t\t\t<\/div>\r\n\r\n\t\t\t\t\t<p class=\"premium-blog-post-content\">L\u00ednea de financiaci\u00f3n dirigida a impulsar la transformaci\u00f3n digital de las empresas del sector agroalimentario y del medio rural.<\/p><div class=\"premium-blog-excerpt-link-wrap\"><a href=\"https:\/\/acelerapyme.fundaciontecnova.com\/acelera2021\/enisa-agroinnpulso\/\" target=\"_blank\" class=\"premium-blog-excerpt-link elementor-button\">M\u00e1s informaci\u00f3n<\/a><\/div>\t\t\t\t\t\r\n\t\t\t\t<\/div>\r\n\t\t\t<\/div>\r\n\t\t<\/div>\r\n\r\n\t\t\t\t<\/div>\r\n\r\n\t\t\t\t<\/div>\n\t\t\t\t<\/div>\n\t\t\t\t\t<\/div>\n\t\t<\/div>\n\t\t\t\t<div class=\"elementor-column elementor-col-50 elementor-top-column elementor-element elementor-element-4bc8a99\" data-id=\"4bc8a99\" data-element_type=\"column\">\n\t\t\t<div class=\"elementor-widget-wrap elementor-element-populated\">\n\t\t\t\t\t\t\t\t<div class=\"elementor-element elementor-element-1833740 elementor-search-form--skin-minimal elementor-widget elementor-widget-search-form\" data-id=\"1833740\" data-element_type=\"widget\" data-settings=\"{&quot;skin&quot;:&quot;minimal&quot;}\" data-widget_type=\"search-form.default\">\n\t\t\t\t<div class=\"elementor-widget-container\">\n\t\t\t<link rel=\"stylesheet\" href=\"https:\/\/acelerapyme.fundaciontecnova.com\/acelera2021\/wp-content\/plugins\/elementor-pro\/assets\/css\/widget-theme-elements.min.css\">\t\t<form class=\"elementor-search-form\" role=\"search\" action=\"https:\/\/acelerapyme.fundaciontecnova.com\/acelera2021\" method=\"get\">\n\t\t\t\t\t\t\t\t\t<div class=\"elementor-search-form__container\">\n\t\t\t\t\t\t\t\t\t<div class=\"elementor-search-form__icon\">\n\t\t\t\t\t\t<i aria-hidden=\"true\" class=\"fas fa-search\"><\/i>\t\t\t\t\t\t<span class=\"elementor-screen-only\">Buscar<\/span>\n\t\t\t\t\t<\/div>\n\t\t\t\t\t\t\t\t<input placeholder=\"Buscar...\" class=\"elementor-search-form__input\" type=\"search\" name=\"s\" title=\"Buscar\" value=\"\">\n\t\t\t\t\t\t\t\t\t\t\t\t\t\t\t<\/div>\n\t\t<\/form>\n\t\t\t\t<\/div>\n\t\t\t\t<\/div>\n\t\t\t\t\t<\/div>\n\t\t<\/div>\n\t\t\t\t\t\t\t<\/div>\n\t\t<\/section>\n\t\t\t\t\t\t\t<\/div>\n\t\t","protected":false},"excerpt":{"rendered":"<p>Subvenciones y Ayudas Conoce todas las subvenciones y ayudas para la digitalizaci\u00f3n del sector agr\u00edcola \u00a1Avanza hacia la Agricultura 4.0! Saber m\u00e1s C043\/20-SI Descripci\u00f3n: Concesi\u00f3n Directa de Subvenciones para la Contrataci\u00f3n de Servicios de Acceso de Banda Ancha Fija de Alta Velocidad a 30 Mbits por segundoBeneficiarios: Personas f\u00edsicas, aut\u00f3nomos, pymes, entidades sin \u00e1nimo de [&hellip;]<\/p>\n","protected":false},"author":1,"featured_media":0,"parent":0,"menu_order":0,"comment_status":"closed","ping_status":"closed","template":"elementor_header_footer","meta":{"footnotes":""},"class_list":["post-24","page","type-page","status-publish","hentry"],"_links":{"self":[{"href":"https:\/\/acelerapyme.fundaciontecnova.com\/acelera2021\/wp-json\/wp\/v2\/pages\/24","targetHints":{"allow":["GET"]}}],"collection":[{"href":"https:\/\/acelerapyme.fundaciontecnova.com\/acelera2021\/wp-json\/wp\/v2\/pages"}],"about":[{"href":"https:\/\/acelerapyme.fundaciontecnova.com\/acelera2021\/wp-json\/wp\/v2\/types\/page"}],"author":[{"embeddable":true,"href":"https:\/\/acelerapyme.fundaciontecnova.com\/acelera2021\/wp-json\/wp\/v2\/users\/1"}],"replies":[{"embeddable":true,"href":"https:\/\/acelerapyme.fundaciontecnova.com\/acelera2021\/wp-json\/wp\/v2\/comments?post=24"}],"version-history":[{"count":41,"href":"https:\/\/acelerapyme.fundaciontecnova.com\/acelera2021\/wp-json\/wp\/v2\/pages\/24\/revisions"}],"predecessor-version":[{"id":382,"href":"https:\/\/acelerapyme.fundaciontecnova.com\/acelera2021\/wp-json\/wp\/v2\/pages\/24\/revisions\/382"}],"wp:attachment":[{"href":"https:\/\/acelerapyme.fundaciontecnova.com\/acelera2021\/wp-json\/wp\/v2\/media?parent=24"}],"curies":[{"name":"wp","href":"https:\/\/api.w.org\/{rel}","templated":true}]}}