{"id":212,"date":"2021-11-03T10:21:05","date_gmt":"2021-11-03T10:21:05","guid":{"rendered":"http:\/\/acelerapyme.fundaciontecnova.com\/acelera2021\/?page_id=212"},"modified":"2021-11-03T16:34:09","modified_gmt":"2021-11-03T16:34:09","slug":"casos-exito","status":"publish","type":"page","link":"https:\/\/acelerapyme.fundaciontecnova.com\/acelera2021\/casos-exito\/","title":{"rendered":"Casos de \u00c9xito"},"content":{"rendered":"\t\t<div data-elementor-type=\"wp-page\" data-elementor-id=\"212\" class=\"elementor elementor-212\">\n\t\t\t\t\t\t\t\t\t<section class=\"elementor-section elementor-top-section elementor-element elementor-element-36db1db elementor-section-height-min-height elementor-section-boxed elementor-section-height-default elementor-section-items-middle\" data-id=\"36db1db\" data-element_type=\"section\" data-settings=\"{&quot;background_background&quot;:&quot;classic&quot;}\">\n\t\t\t\t\t\t<div class=\"elementor-container elementor-column-gap-default\">\n\t\t\t\t\t<div class=\"elementor-column elementor-col-100 elementor-top-column elementor-element elementor-element-99427cf\" data-id=\"99427cf\" data-element_type=\"column\">\n\t\t\t<div class=\"elementor-widget-wrap elementor-element-populated\">\n\t\t\t\t\t\t\t\t<div class=\"elementor-element elementor-element-ed8ad28 elementor-widget elementor-widget-heading\" data-id=\"ed8ad28\" data-element_type=\"widget\" data-widget_type=\"heading.default\">\n\t\t\t\t<div class=\"elementor-widget-container\">\n\t\t\t<style>\/*! elementor - v3.13.2 - 11-05-2023 *\/\n.elementor-heading-title{padding:0;margin:0;line-height:1}.elementor-widget-heading .elementor-heading-title[class*=elementor-size-]>a{color:inherit;font-size:inherit;line-height:inherit}.elementor-widget-heading .elementor-heading-title.elementor-size-small{font-size:15px}.elementor-widget-heading .elementor-heading-title.elementor-size-medium{font-size:19px}.elementor-widget-heading .elementor-heading-title.elementor-size-large{font-size:29px}.elementor-widget-heading .elementor-heading-title.elementor-size-xl{font-size:39px}.elementor-widget-heading .elementor-heading-title.elementor-size-xxl{font-size:59px}<\/style><h1 class=\"elementor-heading-title elementor-size-default\">CASOS DE \u00c9XITO\n<\/h1>\t\t<\/div>\n\t\t\t\t<\/div>\n\t\t\t\t\t<\/div>\n\t\t<\/div>\n\t\t\t\t\t\t\t<\/div>\n\t\t<\/section>\n\t\t\t\t<section class=\"elementor-section elementor-top-section elementor-element elementor-element-02eb3ed elementor-section-boxed elementor-section-height-default elementor-section-height-default\" data-id=\"02eb3ed\" data-element_type=\"section\">\n\t\t\t\t\t\t<div class=\"elementor-container elementor-column-gap-default\">\n\t\t\t\t\t<div class=\"elementor-column elementor-col-100 elementor-top-column elementor-element elementor-element-44945a5\" data-id=\"44945a5\" data-element_type=\"column\">\n\t\t\t<div class=\"elementor-widget-wrap elementor-element-populated\">\n\t\t\t\t\t\t\t\t<div class=\"elementor-element elementor-element-05e3da8 premium-blog-align-left elementor-widget elementor-widget-premium-addon-blog\" data-id=\"05e3da8\" data-element_type=\"widget\" data-settings=\"{&quot;scroll_to_offset&quot;:&quot;yes&quot;}\" data-widget_type=\"premium-addon-blog.default\">\n\t\t\t\t<div class=\"elementor-widget-container\">\n\t\t\t\r\n\t\t\t\t<div class=\"premium-blog-wrap  premium-blog-list\" data-page=\"212\">\r\n\t\t\t\t\t<div class=\"premium-blog-post-outer-container\" data-total=\"1\">\r\n\t\t\t<div class=\"premium-blog-post-container premium-blog-skin-side\">\r\n\t\t\t\t\t\t\t\t\t<div class=\"premium-blog-thumb-effect-wrapper\">\r\n\t\t\t\t\t\t<div class=\"premium-blog-thumbnail-container premium-blog-zoomin-effect\">\r\n\t\t\t\t\t\t\t<img loading=\"lazy\" decoding=\"async\" width=\"834\" height=\"417\" src=\"https:\/\/acelerapyme.fundaciontecnova.com\/acelera2021\/wp-content\/uploads\/2021\/11\/CHIOTec.jpg\" class=\"attachment-full size-full wp-image-229\" alt=\"\" srcset=\"https:\/\/acelerapyme.fundaciontecnova.com\/acelera2021\/wp-content\/uploads\/2021\/11\/CHIOTec.jpg 834w, https:\/\/acelerapyme.fundaciontecnova.com\/acelera2021\/wp-content\/uploads\/2021\/11\/CHIOTec-300x150.jpg 300w, https:\/\/acelerapyme.fundaciontecnova.com\/acelera2021\/wp-content\/uploads\/2021\/11\/CHIOTec-768x384.jpg 768w\" sizes=\"auto, (max-width: 834px) 100vw, 834px\" \/>\t\t\t\t\t\t<\/div>\r\n\t\t\t\t\t\t\t\t\t\t\t\t\t<div class=\"premium-blog-thumbnail-overlay\">\r\n\t\t\t\t\t\t\t\t<a class=\"elementor-icon\" href=\"https:\/\/acelerapyme.fundaciontecnova.com\/acelera2021\/chiotec-desarrollo-de-herramientas-biotecnologicas-para-la-mejora-de-la-productividad-y-fomento-de-la-implantacion-del-cultivo-de-pistacho\/\" target=\"_blank\" aria-hidden=\"true\"><span>CHIOTec \u2013 Desarrollo de herramientas biotecnol\u00f3gicas para la mejora de la productividad y fomento de la implantaci\u00f3n del cultivo de pistacho<\/span><\/a>\r\n\t\t\t\t\t\t\t<\/div>\r\n\t\t\t\t\t\t\t\t\t\t\t<\/div>\r\n\t\t\t\t\t\t\t\t\t\t\t\t<div class=\"premium-blog-content-wrapper \">\r\n\r\n\t\t\t\t\t<div class=\"premium-blog-inner-container\">\r\n\r\n\t\t\t\t\t\t\t\t\t\t\t\t\t\t<h2 class=\"premium-blog-entry-title\">\r\n\t\t\t<a href=\"https:\/\/acelerapyme.fundaciontecnova.com\/acelera2021\/chiotec-desarrollo-de-herramientas-biotecnologicas-para-la-mejora-de-la-productividad-y-fomento-de-la-implantacion-del-cultivo-de-pistacho\/\" target=\"_blank\">\r\n\t\t\t\tCHIOTec \u2013 Desarrollo de herramientas biotecnol\u00f3gicas para la mejora de la productividad y fomento de la implantaci\u00f3n del cultivo de pistacho\t\t\t<\/a>\r\n\t\t<\/h2>\r\n\t\t\t\t<div class=\"premium-blog-entry-meta\">\r\n\t\t\t\r\n\t\t\t\t\t\t\t<span class=\"premium-blog-meta-separator\">\u2022<\/span>\r\n\t\t\t\t<div class=\"premium-blog-post-time premium-blog-meta-data\">\r\n\t\t\t\t\t<i class=\"fa fa-clock-o\" aria-hidden=\"true\"><\/i>\r\n\t\t\t\t\t<span>3 de noviembre de 2021<\/span>\r\n\t\t\t\t<\/div>\r\n\t\t\t\r\n\t\t\t\r\n\t\t\t\t\t<\/div>\r\n\t\t\r\n\t\t\t\t\t<\/div>\r\n\r\n\t\t\t\t\t<p class=\"premium-blog-post-content\">Con implicaci\u00f3n de las empresas Almeriplant, BioCrisara, Agrob\u00edo, IFAPA e IberoPistacho, el siguiente proyecto se enmarca dentro de la convocatoria de INNTERCONECTA de CDTI y su objetivo es efectuar nuevos desarrollos biotecnol\u00f3gicos y tecnol\u00f3gicos para mejorar la productividad del cultivo de pistacho en condiciones semi\u00e1ridas \u2026<\/p>\t\t\t\t\t\r\n\t\t\t\t<\/div>\r\n\t\t\t<\/div>\r\n\t\t<\/div>\r\n\r\n\t\t\t\t<div class=\"premium-blog-post-outer-container\" data-total=\"1\">\r\n\t\t\t<div class=\"premium-blog-post-container premium-blog-skin-side\">\r\n\t\t\t\t\t\t\t\t\t<div class=\"premium-blog-thumb-effect-wrapper\">\r\n\t\t\t\t\t\t<div class=\"premium-blog-thumbnail-container premium-blog-zoomin-effect\">\r\n\t\t\t\t\t\t\t<img loading=\"lazy\" decoding=\"async\" width=\"835\" height=\"418\" src=\"https:\/\/acelerapyme.fundaciontecnova.com\/acelera2021\/wp-content\/uploads\/2021\/11\/agua-cultivos-eficiencia.jpg\" class=\"attachment-full size-full wp-image-228\" alt=\"\" srcset=\"https:\/\/acelerapyme.fundaciontecnova.com\/acelera2021\/wp-content\/uploads\/2021\/11\/agua-cultivos-eficiencia.jpg 835w, https:\/\/acelerapyme.fundaciontecnova.com\/acelera2021\/wp-content\/uploads\/2021\/11\/agua-cultivos-eficiencia-300x150.jpg 300w, https:\/\/acelerapyme.fundaciontecnova.com\/acelera2021\/wp-content\/uploads\/2021\/11\/agua-cultivos-eficiencia-768x384.jpg 768w\" sizes=\"auto, (max-width: 835px) 100vw, 835px\" \/>\t\t\t\t\t\t<\/div>\r\n\t\t\t\t\t\t\t\t\t\t\t\t\t<div class=\"premium-blog-thumbnail-overlay\">\r\n\t\t\t\t\t\t\t\t<a class=\"elementor-icon\" href=\"https:\/\/acelerapyme.fundaciontecnova.com\/acelera2021\/utilizacion-eficiente-del-agua-en-cultivos-horticolas-bajo-invernadero\/\" target=\"_blank\" aria-hidden=\"true\"><span>Utilizaci\u00f3n eficiente del agua  en cultivos hort\u00edcolas bajo invernadero<\/span><\/a>\r\n\t\t\t\t\t\t\t<\/div>\r\n\t\t\t\t\t\t\t\t\t\t\t<\/div>\r\n\t\t\t\t\t\t\t\t\t\t\t\t<div class=\"premium-blog-content-wrapper \">\r\n\r\n\t\t\t\t\t<div class=\"premium-blog-inner-container\">\r\n\r\n\t\t\t\t\t\t\t\t\t\t\t\t\t\t<h2 class=\"premium-blog-entry-title\">\r\n\t\t\t<a href=\"https:\/\/acelerapyme.fundaciontecnova.com\/acelera2021\/utilizacion-eficiente-del-agua-en-cultivos-horticolas-bajo-invernadero\/\" target=\"_blank\">\r\n\t\t\t\tUtilizaci\u00f3n eficiente del agua  en cultivos hort\u00edcolas bajo invernadero\t\t\t<\/a>\r\n\t\t<\/h2>\r\n\t\t\t\t<div class=\"premium-blog-entry-meta\">\r\n\t\t\t\r\n\t\t\t\t\t\t\t<span class=\"premium-blog-meta-separator\">\u2022<\/span>\r\n\t\t\t\t<div class=\"premium-blog-post-time premium-blog-meta-data\">\r\n\t\t\t\t\t<i class=\"fa fa-clock-o\" aria-hidden=\"true\"><\/i>\r\n\t\t\t\t\t<span>3 de noviembre de 2021<\/span>\r\n\t\t\t\t<\/div>\r\n\t\t\t\r\n\t\t\t\r\n\t\t\t\t\t<\/div>\r\n\t\t\r\n\t\t\t\t\t<\/div>\r\n\r\n\t\t\t\t\t<p class=\"premium-blog-post-content\">Grupo Operativo con participaci\u00f3n de Cooperativa Agroalimentaria de Andaluc\u00eda (FAECA), CIDAF, Eurocastell e IFAPA, confinanciado por el Fondo Europeo Agr\u00edcola de Desarrollo Rural (FEADER) dentro del programa de Desarrollo Rural de Andaluc\u00eda 2014-2020. El objetivo es desarrollar herramientas para riego localizado, basados en la agricultura \u2026<\/p>\t\t\t\t\t\r\n\t\t\t\t<\/div>\r\n\t\t\t<\/div>\r\n\t\t<\/div>\r\n\r\n\t\t\t\t<div class=\"premium-blog-post-outer-container\" data-total=\"1\">\r\n\t\t\t<div class=\"premium-blog-post-container premium-blog-skin-side\">\r\n\t\t\t\t\t\t\t\t\t<div class=\"premium-blog-thumb-effect-wrapper\">\r\n\t\t\t\t\t\t<div class=\"premium-blog-thumbnail-container premium-blog-zoomin-effect\">\r\n\t\t\t\t\t\t\t<img loading=\"lazy\" decoding=\"async\" width=\"834\" height=\"417\" src=\"https:\/\/acelerapyme.fundaciontecnova.com\/acelera2021\/wp-content\/uploads\/2021\/11\/SIMGESCO.png\" class=\"attachment-full size-full wp-image-204\" alt=\"\" srcset=\"https:\/\/acelerapyme.fundaciontecnova.com\/acelera2021\/wp-content\/uploads\/2021\/11\/SIMGESCO.png 834w, https:\/\/acelerapyme.fundaciontecnova.com\/acelera2021\/wp-content\/uploads\/2021\/11\/SIMGESCO-300x150.png 300w, https:\/\/acelerapyme.fundaciontecnova.com\/acelera2021\/wp-content\/uploads\/2021\/11\/SIMGESCO-768x384.png 768w, https:\/\/acelerapyme.fundaciontecnova.com\/acelera2021\/wp-content\/uploads\/2021\/11\/SIMGESCO-500x250.png 500w, https:\/\/acelerapyme.fundaciontecnova.com\/acelera2021\/wp-content\/uploads\/2021\/11\/SIMGESCO-800x400.png 800w\" sizes=\"auto, (max-width: 834px) 100vw, 834px\" \/>\t\t\t\t\t\t<\/div>\r\n\t\t\t\t\t\t\t\t\t\t\t\t\t<div class=\"premium-blog-thumbnail-overlay\">\r\n\t\t\t\t\t\t\t\t<a class=\"elementor-icon\" href=\"https:\/\/acelerapyme.fundaciontecnova.com\/acelera2021\/simgesco-sistema-de-mejora-de-la-gestion-del-cultivo-del-olivar\/\" target=\"_blank\" aria-hidden=\"true\"><span>SIMGESCO \u2013 Sistema de mejora de la gesti\u00f3n del cultivo del olivar<\/span><\/a>\r\n\t\t\t\t\t\t\t<\/div>\r\n\t\t\t\t\t\t\t\t\t\t\t<\/div>\r\n\t\t\t\t\t\t\t\t\t\t\t\t<div class=\"premium-blog-content-wrapper \">\r\n\r\n\t\t\t\t\t<div class=\"premium-blog-inner-container\">\r\n\r\n\t\t\t\t\t\t\t\t\t\t\t\t\t\t<h2 class=\"premium-blog-entry-title\">\r\n\t\t\t<a href=\"https:\/\/acelerapyme.fundaciontecnova.com\/acelera2021\/simgesco-sistema-de-mejora-de-la-gestion-del-cultivo-del-olivar\/\" target=\"_blank\">\r\n\t\t\t\tSIMGESCO \u2013 Sistema de mejora de la gesti\u00f3n del cultivo del olivar\t\t\t<\/a>\r\n\t\t<\/h2>\r\n\t\t\t\t<div class=\"premium-blog-entry-meta\">\r\n\t\t\t\r\n\t\t\t\t\t\t\t<span class=\"premium-blog-meta-separator\">\u2022<\/span>\r\n\t\t\t\t<div class=\"premium-blog-post-time premium-blog-meta-data\">\r\n\t\t\t\t\t<i class=\"fa fa-clock-o\" aria-hidden=\"true\"><\/i>\r\n\t\t\t\t\t<span>3 de noviembre de 2021<\/span>\r\n\t\t\t\t<\/div>\r\n\t\t\t\r\n\t\t\t\r\n\t\t\t\t\t<\/div>\r\n\t\t\r\n\t\t\t\t\t<\/div>\r\n\r\n\t\t\t\t\t<p class=\"premium-blog-post-content\">Proyecto que consiste en alcanzar la mejora productiva en el cultivo del olivo, con la m\u00e1xima producci\u00f3n y eficiencia en el uso de recursos naturales, y un m\u00ednimo impacto ambiental y costes asociados. Para lograr este objetivo se implementan dos tecnolog\u00edas principales: &#8211; Despliegue de \u2026<\/p>\t\t\t\t\t\r\n\t\t\t\t<\/div>\r\n\t\t\t<\/div>\r\n\t\t<\/div>\r\n\r\n\t\t\t\t<\/div>\r\n\r\n\t\t\t\t<\/div>\n\t\t\t\t<\/div>\n\t\t\t\t\t<\/div>\n\t\t<\/div>\n\t\t\t\t\t\t\t<\/div>\n\t\t<\/section>\n\t\t\t\t\t\t\t<\/div>\n\t\t","protected":false},"excerpt":{"rendered":"<p>CASOS DE \u00c9XITO CHIOTec \u2013 Desarrollo de herramientas biotecnol\u00f3gicas para la mejora de la productividad y fomento de la implantaci\u00f3n del cultivo de pistacho \u2022 3 de noviembre de 2021 Con implicaci\u00f3n de las empresas Almeriplant, BioCrisara, Agrob\u00edo, IFAPA e IberoPistacho, el siguiente proyecto se enmarca dentro de la convocatoria de INNTERCONECTA de CDTI y [&hellip;]<\/p>\n","protected":false},"author":1,"featured_media":0,"parent":0,"menu_order":0,"comment_status":"closed","ping_status":"closed","template":"elementor_header_footer","meta":{"footnotes":""},"class_list":["post-212","page","type-page","status-publish","hentry"],"_links":{"self":[{"href":"https:\/\/acelerapyme.fundaciontecnova.com\/acelera2021\/wp-json\/wp\/v2\/pages\/212","targetHints":{"allow":["GET"]}}],"collection":[{"href":"https:\/\/acelerapyme.fundaciontecnova.com\/acelera2021\/wp-json\/wp\/v2\/pages"}],"about":[{"href":"https:\/\/acelerapyme.fundaciontecnova.com\/acelera2021\/wp-json\/wp\/v2\/types\/page"}],"author":[{"embeddable":true,"href":"https:\/\/acelerapyme.fundaciontecnova.com\/acelera2021\/wp-json\/wp\/v2\/users\/1"}],"replies":[{"embeddable":true,"href":"https:\/\/acelerapyme.fundaciontecnova.com\/acelera2021\/wp-json\/wp\/v2\/comments?post=212"}],"version-history":[{"count":8,"href":"https:\/\/acelerapyme.fundaciontecnova.com\/acelera2021\/wp-json\/wp\/v2\/pages\/212\/revisions"}],"predecessor-version":[{"id":283,"href":"https:\/\/acelerapyme.fundaciontecnova.com\/acelera2021\/wp-json\/wp\/v2\/pages\/212\/revisions\/283"}],"wp:attachment":[{"href":"https:\/\/acelerapyme.fundaciontecnova.com\/acelera2021\/wp-json\/wp\/v2\/media?parent=212"}],"curies":[{"name":"wp","href":"https:\/\/api.w.org\/{rel}","templated":true}]}}